{"id":10,"date":"2024-01-23T18:31:02","date_gmt":"2024-01-23T18:31:02","guid":{"rendered":"https:\/\/siteinternet3484.live-website.com\/?page_id=10"},"modified":"2026-02-23T22:02:26","modified_gmt":"2026-02-23T21:02:26","slug":"qui-suis-je","status":"publish","type":"page","link":"https:\/\/annesophiesoubre-therapeute.fr\/index.php\/qui-suis-je\/","title":{"rendered":"Qui suis je?"},"content":{"rendered":"\t\t<div data-elementor-type=\"wp-page\" data-elementor-id=\"10\" class=\"elementor elementor-10\">\n\t\t\t\t<div class=\"elementor-element elementor-element-e1d18d2 e-flex e-con-boxed e-con e-parent\" data-id=\"e1d18d2\" data-element_type=\"container\">\n\t\t\t\t\t<div class=\"e-con-inner\">\n\t\t<div class=\"elementor-element elementor-element-95e0c60 e-con-full e-flex e-con e-child\" data-id=\"95e0c60\" data-element_type=\"container\">\n\t\t\t\t<div class=\"elementor-element elementor-element-e9de376 elementor-widget elementor-widget-image\" data-id=\"e9de376\" data-element_type=\"widget\" data-widget_type=\"image.default\">\n\t\t\t\t\t\t\t\t\t\t\t\t\t\t\t<img fetchpriority=\"high\" decoding=\"async\" width=\"474\" height=\"600\" src=\"https:\/\/annesophiesoubre-therapeute.fr\/wp-content\/uploads\/2024\/02\/admin-ajax.jpg\" class=\"attachment-medium_large size-medium_large wp-image-561\" alt=\"\" srcset=\"https:\/\/annesophiesoubre-therapeute.fr\/wp-content\/uploads\/2024\/02\/admin-ajax.jpg 474w, https:\/\/annesophiesoubre-therapeute.fr\/wp-content\/uploads\/2024\/02\/admin-ajax-237x300.jpg 237w\" sizes=\"(max-width: 474px) 100vw, 474px\" \/>\t\t\t\t\t\t\t\t\t\t\t\t\t\t\t<\/div>\n\t\t\t\t<\/div>\n\t\t<div class=\"elementor-element elementor-element-5df6178 e-con-full e-flex e-con e-child\" data-id=\"5df6178\" data-element_type=\"container\">\n\t\t\t\t<div class=\"elementor-element elementor-element-edc2c5c elementor-widget__width-initial elementor-widget elementor-widget-text-editor\" data-id=\"edc2c5c\" data-element_type=\"widget\" data-widget_type=\"text-editor.default\">\n\t\t\t\t\t\t\t\t\t<h5>\u00a0<\/h5><h5 style=\"text-align: center;\"><span style=\"font-family: Charm, sans-serif; font-size: 27px; letter-spacing: 0px;\">J&rsquo;accompagne les personnes dans la pr\u00e9vention, l&rsquo;\u00e9valuation et l&rsquo;am\u00e9lioration de leur \u00e9tat de sant\u00e9 psychique.<\/span><\/h5><h5 style=\"text-align: center;\">Pour cela, je propose une \u00e9coute bienveillante et empathique dans un cadre contenant et s\u00e9curisant.<\/h5><h5 style=\"text-align: center;\">Le respect de la singularit\u00e9 de chacun est une de mes priorit\u00e9s.<\/h5><div><h5 style=\"font-style: normal; letter-spacing: normal; text-align: center;\">Anne-Sophie Soubre<\/h5><\/div>\t\t\t\t\t\t\t\t<\/div>\n\t\t\t\t<\/div>\n\t\t<div class=\"elementor-element elementor-element-c7c2a71 e-con-full e-flex e-con e-child\" data-id=\"c7c2a71\" data-element_type=\"container\">\n\t\t\t\t<\/div>\n\t\t\t\t\t<\/div>\n\t\t\t\t<\/div>\n\t\t<div class=\"elementor-element elementor-element-b82be94 e-flex e-con-boxed e-con e-parent\" data-id=\"b82be94\" data-element_type=\"container\">\n\t\t\t\t\t<div class=\"e-con-inner\">\n\t\t\t\t<div class=\"elementor-element elementor-element-74e6c64 elementor-widget__width-initial elementor-widget elementor-widget-text-editor\" data-id=\"74e6c64\" data-element_type=\"widget\" data-widget_type=\"text-editor.default\">\n\t\t\t\t\t\t\t\t\t<h6 class=\"Standard\">Infirmi\u00e8re Dipl\u00f4m\u00e9e d\u2019\u00c9tat depuis plus de 17 ans, j&rsquo;ai exerc\u00e9 mes fonctions au sein d&rsquo;un h\u00f4pital sp\u00e9cialis\u00e9 en sant\u00e9 mentale.<\/h6><h6>Cette exp\u00e9rience m&rsquo;a permis de m&rsquo;enrichir tant professionnellement qu&rsquo;humainement au contact des personnes rencontr\u00e9es.<\/h6><h6>J&rsquo;ai eu l&rsquo;opportunit\u00e9 de travailler au contact d&rsquo;un public vari\u00e9 pr\u00e9sentant diff\u00e9rents troubles (troubles de l&rsquo;humeur, anxi\u00e9t\u00e9, addictions, troubles psychotiques\u2026).<\/h6><h6>Apr\u00e8s ces nombreuses ann\u00e9es pass\u00e9es en institution, j&rsquo;ai souhait\u00e9 \u00e9voluer diff\u00e9remment dans ma profession et dans mes pratiques.\u00a0 Je souhaite accompagner les personnes de fa\u00e7on individuelle et personnalis\u00e9e dans un cadre bienveillant et s\u00e9cure.<\/h6><h6>A ce jour, j&rsquo;ai \u00e0 c\u0153ur d&rsquo;accompagner des personnes rencontrant des difficult\u00e9s ayant un impact sur leur quotidien afin de contribuer \u00e0 une meilleure compr\u00e9hension de leurs m\u00e9canismes et \u00e0 l&rsquo;am\u00e9lioration de leur \u00e9tat de sant\u00e9.\u00a0<\/h6><h6>Soucieuse d&rsquo;\u00eatre coh\u00e9rente et efficiente dans ma pratique, je me suis form\u00e9e aux <a href=\"https:\/\/www.aftcc.org\/les-therapies-comportementales-et-cognitives\" target=\"_blank\" rel=\"noopener\">th\u00e9rapies cognitivo-comportementales<\/a> (Irccade), au <a href=\"https:\/\/www.association-mindfulness.org\/tout-savoir-sur-mbct.php\" target=\"_blank\" rel=\"noopener\"><span style=\"color: #008000;\"><span style=\"color: #008000;\">MBCT<\/span><\/span><\/a> ainsi qu&rsquo;\u00e0 <a href=\"https:\/\/fr.wikipedia.org\/wiki\/Sch%C3%A9math%C3%A9rapie\" target=\"_blank\" rel=\"noopener\">la th\u00e9rapie des sch\u00e9mas<\/a> (<a href=\"https:\/\/www.cefti.fr\/consultations-therapeutiques\/\" target=\"_blank\" rel=\"noopener\">Cefti<\/a>).<\/h6>\t\t\t\t\t\t\t\t<\/div>\n\t\t\t\t\t<\/div>\n\t\t\t\t<\/div>\n\t\t<div class=\"elementor-element elementor-element-0830d20 e-flex e-con-boxed e-con e-parent\" data-id=\"0830d20\" data-element_type=\"container\">\n\t\t\t\t\t<div class=\"e-con-inner\">\n\t\t\t\t<div class=\"elementor-element elementor-element-ee6d61f elementor-align-center elementor-widget__width-inherit elementor-widget elementor-widget-button\" data-id=\"ee6d61f\" data-element_type=\"widget\" data-widget_type=\"button.default\">\n\t\t\t\t\t\t\t\t\t\t<a class=\"elementor-button elementor-button-link elementor-size-sm\" href=\"https:\/\/rdv.terapiz.com\/psychopraticien\/begles\/soubre-anne-sophie\" target=\"_blank\">\n\t\t\t\t\t\t<span class=\"elementor-button-content-wrapper\">\n\t\t\t\t\t\t<span class=\"elementor-button-icon\">\n\t\t\t\t<svg aria-hidden=\"true\" class=\"e-font-icon-svg e-far-calendar-alt\" viewBox=\"0 0 448 512\" xmlns=\"http:\/\/www.w3.org\/2000\/svg\"><path d=\"M148 288h-40c-6.6 0-12-5.4-12-12v-40c0-6.6 5.4-12 12-12h40c6.6 0 12 5.4 12 12v40c0 6.6-5.4 12-12 12zm108-12v-40c0-6.6-5.4-12-12-12h-40c-6.6 0-12 5.4-12 12v40c0 6.6 5.4 12 12 12h40c6.6 0 12-5.4 12-12zm96 0v-40c0-6.6-5.4-12-12-12h-40c-6.6 0-12 5.4-12 12v40c0 6.6 5.4 12 12 12h40c6.6 0 12-5.4 12-12zm-96 96v-40c0-6.6-5.4-12-12-12h-40c-6.6 0-12 5.4-12 12v40c0 6.6 5.4 12 12 12h40c6.6 0 12-5.4 12-12zm-96 0v-40c0-6.6-5.4-12-12-12h-40c-6.6 0-12 5.4-12 12v40c0 6.6 5.4 12 12 12h40c6.6 0 12-5.4 12-12zm192 0v-40c0-6.6-5.4-12-12-12h-40c-6.6 0-12 5.4-12 12v40c0 6.6 5.4 12 12 12h40c6.6 0 12-5.4 12-12zm96-260v352c0 26.5-21.5 48-48 48H48c-26.5 0-48-21.5-48-48V112c0-26.5 21.5-48 48-48h48V12c0-6.6 5.4-12 12-12h40c6.6 0 12 5.4 12 12v52h128V12c0-6.6 5.4-12 12-12h40c6.6 0 12 5.4 12 12v52h48c26.5 0 48 21.5 48 48zm-48 346V160H48v298c0 3.3 2.7 6 6 6h340c3.3 0 6-2.7 6-6z\"><\/path><\/svg>\t\t\t<\/span>\n\t\t\t\t\t\t\t\t\t<span class=\"elementor-button-text\">  Prendre RDV<\/span>\n\t\t\t\t\t<\/span>\n\t\t\t\t\t<\/a>\n\t\t\t\t\t\t\t\t<\/div>\n\t\t\t\t\t<\/div>\n\t\t\t\t<\/div>\n\t\t\t\t<\/div>\n\t\t","protected":false},"excerpt":{"rendered":"<p>\u00a0 J&rsquo;accompagne les personnes dans la pr\u00e9vention, l&rsquo;\u00e9valuation et l&rsquo;am\u00e9lioration de leur \u00e9tat de sant\u00e9 psychique. Pour cela, je propose une \u00e9coute bienveillante et empathique dans un cadre contenant et s\u00e9curisant. Le respect de la singularit\u00e9 de chacun est une de mes priorit\u00e9s. Anne-Sophie Soubre Infirmi\u00e8re Dipl\u00f4m\u00e9e d\u2019\u00c9tat depuis plus de 17 ans, j&rsquo;ai exerc\u00e9 <a class=\"read-more\" href=\"https:\/\/annesophiesoubre-therapeute.fr\/index.php\/qui-suis-je\/\">READ MORE<\/a><\/p>\n","protected":false},"author":1,"featured_media":0,"parent":0,"menu_order":0,"comment_status":"closed","ping_status":"closed","template":"template-full-width.php","meta":{"footnotes":""},"class_list":["post-10","page","type-page","status-publish","hentry"],"yoast_head":"<!-- This site is optimized with the Yoast SEO plugin v27.4 - https:\/\/yoast.com\/product\/yoast-seo-wordpress\/ -->\n<title>Qui suis je? - Anne-Sophie Soubre - Th\u00e9rapeute<\/title>\n<meta name=\"description\" content=\"Th\u00e9rapeute \u00e0 Begles, form\u00e9e \u00e0 la th\u00e9rapie des sch\u00e9mas, en TCC et pleine conscience (MBCT), j\u2019accompagne le public adulte vers un mieux-\u00eatre.\" \/>\n<meta name=\"robots\" content=\"index, follow, max-snippet:-1, max-image-preview:large, max-video-preview:-1\" \/>\n<link rel=\"canonical\" href=\"https:\/\/annesophiesoubre-therapeute.fr\/index.php\/qui-suis-je\/\" \/>\n<meta property=\"og:locale\" content=\"fr_FR\" \/>\n<meta property=\"og:type\" content=\"article\" \/>\n<meta property=\"og:title\" content=\"Qui suis je? - Anne-Sophie Soubre - Th\u00e9rapeute\" \/>\n<meta property=\"og:description\" content=\"Th\u00e9rapeute \u00e0 Begles, form\u00e9e \u00e0 la th\u00e9rapie des sch\u00e9mas, en TCC et pleine conscience (MBCT), j\u2019accompagne le public adulte vers un mieux-\u00eatre.\" \/>\n<meta property=\"og:url\" content=\"https:\/\/annesophiesoubre-therapeute.fr\/index.php\/qui-suis-je\/\" \/>\n<meta property=\"og:site_name\" content=\"Anne-Sophie Soubre - Th\u00e9rapeute\" \/>\n<meta property=\"article:modified_time\" content=\"2026-02-23T21:02:26+00:00\" \/>\n<meta property=\"og:image\" content=\"https:\/\/annesophiesoubre-therapeute.fr\/wp-content\/uploads\/2024\/02\/admin-ajax.jpg\" \/>\n\t<meta property=\"og:image:width\" content=\"474\" \/>\n\t<meta property=\"og:image:height\" content=\"600\" \/>\n\t<meta property=\"og:image:type\" content=\"image\/jpeg\" \/>\n<meta name=\"twitter:card\" content=\"summary_large_image\" \/>\n<meta name=\"twitter:label1\" content=\"Dur\u00e9e de lecture estim\u00e9e\" \/>\n\t<meta name=\"twitter:data1\" content=\"1 minute\" \/>\n<script type=\"application\/ld+json\" class=\"yoast-schema-graph\">{\"@context\":\"https:\\\/\\\/schema.org\",\"@graph\":[{\"@type\":[\"WebPage\",\"ProfilePage\"],\"@id\":\"https:\\\/\\\/annesophiesoubre-therapeute.fr\\\/index.php\\\/qui-suis-je\\\/\",\"url\":\"https:\\\/\\\/annesophiesoubre-therapeute.fr\\\/index.php\\\/qui-suis-je\\\/\",\"name\":\"Qui suis je? - Anne-Sophie Soubre - Th\u00e9rapeute\",\"isPartOf\":{\"@id\":\"https:\\\/\\\/annesophiesoubre-therapeute.fr\\\/#website\"},\"primaryImageOfPage\":{\"@id\":\"https:\\\/\\\/annesophiesoubre-therapeute.fr\\\/index.php\\\/qui-suis-je\\\/#primaryimage\"},\"image\":{\"@id\":\"https:\\\/\\\/annesophiesoubre-therapeute.fr\\\/index.php\\\/qui-suis-je\\\/#primaryimage\"},\"thumbnailUrl\":\"https:\\\/\\\/annesophiesoubre-therapeute.fr\\\/wp-content\\\/uploads\\\/2024\\\/02\\\/admin-ajax.jpg\",\"datePublished\":\"2024-01-23T18:31:02+00:00\",\"dateModified\":\"2026-02-23T21:02:26+00:00\",\"description\":\"Th\u00e9rapeute \u00e0 Begles, form\u00e9e \u00e0 la th\u00e9rapie des sch\u00e9mas, en TCC et pleine conscience (MBCT), j\u2019accompagne le public adulte vers un mieux-\u00eatre.\",\"breadcrumb\":{\"@id\":\"https:\\\/\\\/annesophiesoubre-therapeute.fr\\\/index.php\\\/qui-suis-je\\\/#breadcrumb\"},\"inLanguage\":\"fr-FR\",\"potentialAction\":[{\"@type\":\"ReadAction\",\"target\":[\"https:\\\/\\\/annesophiesoubre-therapeute.fr\\\/index.php\\\/qui-suis-je\\\/\"]}]},{\"@type\":\"ImageObject\",\"inLanguage\":\"fr-FR\",\"@id\":\"https:\\\/\\\/annesophiesoubre-therapeute.fr\\\/index.php\\\/qui-suis-je\\\/#primaryimage\",\"url\":\"https:\\\/\\\/annesophiesoubre-therapeute.fr\\\/wp-content\\\/uploads\\\/2024\\\/02\\\/admin-ajax.jpg\",\"contentUrl\":\"https:\\\/\\\/annesophiesoubre-therapeute.fr\\\/wp-content\\\/uploads\\\/2024\\\/02\\\/admin-ajax.jpg\"},{\"@type\":\"BreadcrumbList\",\"@id\":\"https:\\\/\\\/annesophiesoubre-therapeute.fr\\\/index.php\\\/qui-suis-je\\\/#breadcrumb\",\"itemListElement\":[{\"@type\":\"ListItem\",\"position\":1,\"name\":\"Accueil\",\"item\":\"https:\\\/\\\/annesophiesoubre-therapeute.fr\\\/\"},{\"@type\":\"ListItem\",\"position\":2,\"name\":\"Qui suis je?\"}]},{\"@type\":\"WebSite\",\"@id\":\"https:\\\/\\\/annesophiesoubre-therapeute.fr\\\/#website\",\"url\":\"https:\\\/\\\/annesophiesoubre-therapeute.fr\\\/\",\"name\":\"Anne-Sophie Soubre - Th\u00e9rapeute\",\"description\":\"\",\"potentialAction\":[{\"@type\":\"SearchAction\",\"target\":{\"@type\":\"EntryPoint\",\"urlTemplate\":\"https:\\\/\\\/annesophiesoubre-therapeute.fr\\\/?s={search_term_string}\"},\"query-input\":{\"@type\":\"PropertyValueSpecification\",\"valueRequired\":true,\"valueName\":\"search_term_string\"}}],\"inLanguage\":\"fr-FR\"}]}<\/script>\n<!-- \/ Yoast SEO plugin. -->","yoast_head_json":{"title":"Qui suis je? - Anne-Sophie Soubre - Th\u00e9rapeute","description":"Th\u00e9rapeute \u00e0 Begles, form\u00e9e \u00e0 la th\u00e9rapie des sch\u00e9mas, en TCC et pleine conscience (MBCT), j\u2019accompagne le public adulte vers un mieux-\u00eatre.","robots":{"index":"index","follow":"follow","max-snippet":"max-snippet:-1","max-image-preview":"max-image-preview:large","max-video-preview":"max-video-preview:-1"},"canonical":"https:\/\/annesophiesoubre-therapeute.fr\/index.php\/qui-suis-je\/","og_locale":"fr_FR","og_type":"article","og_title":"Qui suis je? - Anne-Sophie Soubre - Th\u00e9rapeute","og_description":"Th\u00e9rapeute \u00e0 Begles, form\u00e9e \u00e0 la th\u00e9rapie des sch\u00e9mas, en TCC et pleine conscience (MBCT), j\u2019accompagne le public adulte vers un mieux-\u00eatre.","og_url":"https:\/\/annesophiesoubre-therapeute.fr\/index.php\/qui-suis-je\/","og_site_name":"Anne-Sophie Soubre - Th\u00e9rapeute","article_modified_time":"2026-02-23T21:02:26+00:00","og_image":[{"width":474,"height":600,"url":"https:\/\/annesophiesoubre-therapeute.fr\/wp-content\/uploads\/2024\/02\/admin-ajax.jpg","type":"image\/jpeg"}],"twitter_card":"summary_large_image","twitter_misc":{"Dur\u00e9e de lecture estim\u00e9e":"1 minute"},"schema":{"@context":"https:\/\/schema.org","@graph":[{"@type":["WebPage","ProfilePage"],"@id":"https:\/\/annesophiesoubre-therapeute.fr\/index.php\/qui-suis-je\/","url":"https:\/\/annesophiesoubre-therapeute.fr\/index.php\/qui-suis-je\/","name":"Qui suis je? - Anne-Sophie Soubre - Th\u00e9rapeute","isPartOf":{"@id":"https:\/\/annesophiesoubre-therapeute.fr\/#website"},"primaryImageOfPage":{"@id":"https:\/\/annesophiesoubre-therapeute.fr\/index.php\/qui-suis-je\/#primaryimage"},"image":{"@id":"https:\/\/annesophiesoubre-therapeute.fr\/index.php\/qui-suis-je\/#primaryimage"},"thumbnailUrl":"https:\/\/annesophiesoubre-therapeute.fr\/wp-content\/uploads\/2024\/02\/admin-ajax.jpg","datePublished":"2024-01-23T18:31:02+00:00","dateModified":"2026-02-23T21:02:26+00:00","description":"Th\u00e9rapeute \u00e0 Begles, form\u00e9e \u00e0 la th\u00e9rapie des sch\u00e9mas, en TCC et pleine conscience (MBCT), j\u2019accompagne le public adulte vers un mieux-\u00eatre.","breadcrumb":{"@id":"https:\/\/annesophiesoubre-therapeute.fr\/index.php\/qui-suis-je\/#breadcrumb"},"inLanguage":"fr-FR","potentialAction":[{"@type":"ReadAction","target":["https:\/\/annesophiesoubre-therapeute.fr\/index.php\/qui-suis-je\/"]}]},{"@type":"ImageObject","inLanguage":"fr-FR","@id":"https:\/\/annesophiesoubre-therapeute.fr\/index.php\/qui-suis-je\/#primaryimage","url":"https:\/\/annesophiesoubre-therapeute.fr\/wp-content\/uploads\/2024\/02\/admin-ajax.jpg","contentUrl":"https:\/\/annesophiesoubre-therapeute.fr\/wp-content\/uploads\/2024\/02\/admin-ajax.jpg"},{"@type":"BreadcrumbList","@id":"https:\/\/annesophiesoubre-therapeute.fr\/index.php\/qui-suis-je\/#breadcrumb","itemListElement":[{"@type":"ListItem","position":1,"name":"Accueil","item":"https:\/\/annesophiesoubre-therapeute.fr\/"},{"@type":"ListItem","position":2,"name":"Qui suis je?"}]},{"@type":"WebSite","@id":"https:\/\/annesophiesoubre-therapeute.fr\/#website","url":"https:\/\/annesophiesoubre-therapeute.fr\/","name":"Anne-Sophie Soubre - Th\u00e9rapeute","description":"","potentialAction":[{"@type":"SearchAction","target":{"@type":"EntryPoint","urlTemplate":"https:\/\/annesophiesoubre-therapeute.fr\/?s={search_term_string}"},"query-input":{"@type":"PropertyValueSpecification","valueRequired":true,"valueName":"search_term_string"}}],"inLanguage":"fr-FR"}]}},"_links":{"self":[{"href":"https:\/\/annesophiesoubre-therapeute.fr\/index.php\/wp-json\/wp\/v2\/pages\/10","targetHints":{"allow":["GET"]}}],"collection":[{"href":"https:\/\/annesophiesoubre-therapeute.fr\/index.php\/wp-json\/wp\/v2\/pages"}],"about":[{"href":"https:\/\/annesophiesoubre-therapeute.fr\/index.php\/wp-json\/wp\/v2\/types\/page"}],"author":[{"embeddable":true,"href":"https:\/\/annesophiesoubre-therapeute.fr\/index.php\/wp-json\/wp\/v2\/users\/1"}],"replies":[{"embeddable":true,"href":"https:\/\/annesophiesoubre-therapeute.fr\/index.php\/wp-json\/wp\/v2\/comments?post=10"}],"version-history":[{"count":46,"href":"https:\/\/annesophiesoubre-therapeute.fr\/index.php\/wp-json\/wp\/v2\/pages\/10\/revisions"}],"predecessor-version":[{"id":8035,"href":"https:\/\/annesophiesoubre-therapeute.fr\/index.php\/wp-json\/wp\/v2\/pages\/10\/revisions\/8035"}],"wp:attachment":[{"href":"https:\/\/annesophiesoubre-therapeute.fr\/index.php\/wp-json\/wp\/v2\/media?parent=10"}],"curies":[{"name":"wp","href":"https:\/\/api.w.org\/{rel}","templated":true}]}}