{"id":20,"date":"2024-01-23T18:36:29","date_gmt":"2024-01-23T18:36:29","guid":{"rendered":"https:\/\/siteinternet3484.live-website.com\/?page_id=20"},"modified":"2026-02-23T21:39:52","modified_gmt":"2026-02-23T20:39:52","slug":"contact","status":"publish","type":"page","link":"https:\/\/annesophiesoubre-therapeute.fr\/index.php\/contact\/","title":{"rendered":"Contact"},"content":{"rendered":"\t\t<div data-elementor-type=\"wp-page\" data-elementor-id=\"20\" class=\"elementor elementor-20\">\n\t\t\t\t<div class=\"elementor-element elementor-element-14f78e2 e-flex e-con-boxed e-con e-parent\" data-id=\"14f78e2\" data-element_type=\"container\">\n\t\t\t\t\t<div class=\"e-con-inner\">\n\t\t<div class=\"elementor-element elementor-element-30cf2fa e-con-full e-flex e-con e-child\" data-id=\"30cf2fa\" data-element_type=\"container\">\n\t\t\t\t<div class=\"elementor-element elementor-element-db4300f elementor-view-framed elementor-shape-circle elementor-position-top elementor-mobile-position-top elementor-widget elementor-widget-icon-box\" data-id=\"db4300f\" data-element_type=\"widget\" data-widget_type=\"icon-box.default\">\n\t\t\t\t\t\t\t<div class=\"elementor-icon-box-wrapper\">\n\n\t\t\t\t\t\t<div class=\"elementor-icon-box-icon\">\n\t\t\t\t<a href=\"https:\/\/www.google.com\/maps\/place\/222+Av.+de+la+Marne,+33700+M%C3%A9rignac\/@44.832474,-0.6434065,618m\/data=!3m2!1e3!4b1!4m6!3m5!1s0xd54d9cb1e73c5e9:0xf0656a3f88a08c88!8m2!3d44.8324702!4d-0.6408262!16s%2Fg%2F11wpljjxm5?authuser=0&#038;entry=ttu&#038;g_ep=EgoyMDI1MDYxMS4wIKXMDSoASAFQAw%3D%3D\" target=\"_blank\" class=\"elementor-icon\" tabindex=\"-1\">\n\t\t\t\t<svg aria-hidden=\"true\" class=\"e-font-icon-svg e-fas-map-marker-alt\" viewBox=\"0 0 384 512\" xmlns=\"http:\/\/www.w3.org\/2000\/svg\"><path d=\"M172.268 501.67C26.97 291.031 0 269.413 0 192 0 85.961 85.961 0 192 0s192 85.961 192 192c0 77.413-26.97 99.031-172.268 309.67-9.535 13.774-29.93 13.773-39.464 0zM192 272c44.183 0 80-35.817 80-80s-35.817-80-80-80-80 35.817-80 80 35.817 80 80 80z\"><\/path><\/svg>\t\t\t\t<\/a>\n\t\t\t<\/div>\n\t\t\t\n\t\t\t\t\t\t<div class=\"elementor-icon-box-content\">\n\n\t\t\t\t\n\t\t\t\t\t\t\t\t\t<p class=\"elementor-icon-box-description\">\n\t\t\t\t\t\t139 avenue Aristide Briand \n33700 Merignac\t\t\t\t\t<\/p>\n\t\t\t\t\n\t\t\t<\/div>\n\t\t\t\n\t\t<\/div>\n\t\t\t\t\t\t<\/div>\n\t\t\t\t<\/div>\n\t\t<div class=\"elementor-element elementor-element-2b5aa9d e-con-full e-flex e-con e-child\" data-id=\"2b5aa9d\" data-element_type=\"container\">\n\t\t\t\t<div class=\"elementor-element elementor-element-a8f27b4 elementor-view-framed elementor-shape-circle elementor-position-top elementor-mobile-position-top elementor-widget elementor-widget-icon-box\" data-id=\"a8f27b4\" data-element_type=\"widget\" data-widget_type=\"icon-box.default\">\n\t\t\t\t\t\t\t<div class=\"elementor-icon-box-wrapper\">\n\n\t\t\t\t\t\t<div class=\"elementor-icon-box-icon\">\n\t\t\t\t<a href=\"tel:0033699011938\" target=\"_blank\" class=\"elementor-icon\" tabindex=\"-1\">\n\t\t\t\t<svg aria-hidden=\"true\" class=\"e-font-icon-svg e-fas-phone-alt\" viewBox=\"0 0 512 512\" xmlns=\"http:\/\/www.w3.org\/2000\/svg\"><path d=\"M497.39 361.8l-112-48a24 24 0 0 0-28 6.9l-49.6 60.6A370.66 370.66 0 0 1 130.6 204.11l60.6-49.6a23.94 23.94 0 0 0 6.9-28l-48-112A24.16 24.16 0 0 0 122.6.61l-104 24A24 24 0 0 0 0 48c0 256.5 207.9 464 464 464a24 24 0 0 0 23.4-18.6l24-104a24.29 24.29 0 0 0-14.01-27.6z\"><\/path><\/svg>\t\t\t\t<\/a>\n\t\t\t<\/div>\n\t\t\t\n\t\t\t\t\t\t<div class=\"elementor-icon-box-content\">\n\n\t\t\t\t\n\t\t\t\t\t\t\t\t\t<p class=\"elementor-icon-box-description\">\n\t\t\t\t\t\t06 99 01 19 38\t\t\t\t\t<\/p>\n\t\t\t\t\n\t\t\t<\/div>\n\t\t\t\n\t\t<\/div>\n\t\t\t\t\t\t<\/div>\n\t\t\t\t<\/div>\n\t\t<div class=\"elementor-element elementor-element-a40ab43 e-con-full e-flex e-con e-child\" data-id=\"a40ab43\" data-element_type=\"container\">\n\t\t\t\t<div class=\"elementor-element elementor-element-2165d1d elementor-view-framed elementor-shape-circle elementor-position-top elementor-mobile-position-top elementor-widget elementor-widget-icon-box\" data-id=\"2165d1d\" data-element_type=\"widget\" data-widget_type=\"icon-box.default\">\n\t\t\t\t\t\t\t<div class=\"elementor-icon-box-wrapper\">\n\n\t\t\t\t\t\t<div class=\"elementor-icon-box-icon\">\n\t\t\t\t<a href=\"mailto:annesophiesoubre@gmail.com\" target=\"_blank\" class=\"elementor-icon\" tabindex=\"-1\">\n\t\t\t\t<svg aria-hidden=\"true\" class=\"e-font-icon-svg e-fas-envelope\" viewBox=\"0 0 512 512\" xmlns=\"http:\/\/www.w3.org\/2000\/svg\"><path d=\"M502.3 190.8c3.9-3.1 9.7-.2 9.7 4.7V400c0 26.5-21.5 48-48 48H48c-26.5 0-48-21.5-48-48V195.6c0-5 5.7-7.8 9.7-4.7 22.4 17.4 52.1 39.5 154.1 113.6 21.1 15.4 56.7 47.8 92.2 47.6 35.7.3 72-32.8 92.3-47.6 102-74.1 131.6-96.3 154-113.7zM256 320c23.2.4 56.6-29.2 73.4-41.4 132.7-96.3 142.8-104.7 173.4-128.7 5.8-4.5 9.2-11.5 9.2-18.9v-19c0-26.5-21.5-48-48-48H48C21.5 64 0 85.5 0 112v19c0 7.4 3.4 14.3 9.2 18.9 30.6 23.9 40.7 32.4 173.4 128.7 16.8 12.2 50.2 41.8 73.4 41.4z\"><\/path><\/svg>\t\t\t\t<\/a>\n\t\t\t<\/div>\n\t\t\t\n\t\t\t\t\t\t<div class=\"elementor-icon-box-content\">\n\n\t\t\t\t\n\t\t\t\t\t\t\t\t\t<p class=\"elementor-icon-box-description\">\n\t\t\t\t\t\tannesophiesoubre@gmail.com\t\t\t\t\t<\/p>\n\t\t\t\t\n\t\t\t<\/div>\n\t\t\t\n\t\t<\/div>\n\t\t\t\t\t\t<\/div>\n\t\t\t\t<\/div>\n\t\t\t\t\t<\/div>\n\t\t\t\t<\/div>\n\t\t<div class=\"elementor-element elementor-element-93cac80 e-flex e-con-boxed e-con e-parent\" data-id=\"93cac80\" data-element_type=\"container\">\n\t\t\t\t\t<div class=\"e-con-inner\">\n\t\t\t\t<div class=\"elementor-element elementor-element-2fea696 elementor-widget elementor-widget-text-editor\" data-id=\"2fea696\" data-element_type=\"widget\" data-widget_type=\"text-editor.default\">\n\t\t\t\t\t\t\t\t\t<h1><span style=\"text-decoration: underline;\">Tarif:<\/span><\/h1><h6>60\u20ac par s\u00e9ance.<\/h6><h6>Paiement uniquement par ch\u00e8que ou esp\u00e8ces.<\/h6>\t\t\t\t\t\t\t\t<\/div>\n\t\t\t\t<div class=\"elementor-element elementor-element-ba260a0 elementor-align-center elementor-widget__width-inherit elementor-widget elementor-widget-button\" data-id=\"ba260a0\" data-element_type=\"widget\" data-widget_type=\"button.default\">\n\t\t\t\t\t\t\t\t\t\t<a class=\"elementor-button elementor-button-link elementor-size-sm\" href=\"https:\/\/rdv.terapiz.com\/psychopraticien\/begles\/soubre-anne-sophie\" target=\"_blank\">\n\t\t\t\t\t\t<span class=\"elementor-button-content-wrapper\">\n\t\t\t\t\t\t<span class=\"elementor-button-icon\">\n\t\t\t\t<svg aria-hidden=\"true\" class=\"e-font-icon-svg e-far-calendar-alt\" viewBox=\"0 0 448 512\" xmlns=\"http:\/\/www.w3.org\/2000\/svg\"><path d=\"M148 288h-40c-6.6 0-12-5.4-12-12v-40c0-6.6 5.4-12 12-12h40c6.6 0 12 5.4 12 12v40c0 6.6-5.4 12-12 12zm108-12v-40c0-6.6-5.4-12-12-12h-40c-6.6 0-12 5.4-12 12v40c0 6.6 5.4 12 12 12h40c6.6 0 12-5.4 12-12zm96 0v-40c0-6.6-5.4-12-12-12h-40c-6.6 0-12 5.4-12 12v40c0 6.6 5.4 12 12 12h40c6.6 0 12-5.4 12-12zm-96 96v-40c0-6.6-5.4-12-12-12h-40c-6.6 0-12 5.4-12 12v40c0 6.6 5.4 12 12 12h40c6.6 0 12-5.4 12-12zm-96 0v-40c0-6.6-5.4-12-12-12h-40c-6.6 0-12 5.4-12 12v40c0 6.6 5.4 12 12 12h40c6.6 0 12-5.4 12-12zm192 0v-40c0-6.6-5.4-12-12-12h-40c-6.6 0-12 5.4-12 12v40c0 6.6 5.4 12 12 12h40c6.6 0 12-5.4 12-12zm96-260v352c0 26.5-21.5 48-48 48H48c-26.5 0-48-21.5-48-48V112c0-26.5 21.5-48 48-48h48V12c0-6.6 5.4-12 12-12h40c6.6 0 12 5.4 12 12v52h128V12c0-6.6 5.4-12 12-12h40c6.6 0 12 5.4 12 12v52h48c26.5 0 48 21.5 48 48zm-48 346V160H48v298c0 3.3 2.7 6 6 6h340c3.3 0 6-2.7 6-6z\"><\/path><\/svg>\t\t\t<\/span>\n\t\t\t\t\t\t\t\t\t<span class=\"elementor-button-text\">  Prendre RDV<\/span>\n\t\t\t\t\t<\/span>\n\t\t\t\t\t<\/a>\n\t\t\t\t\t\t\t\t<\/div>\n\t\t\t\t\t<\/div>\n\t\t\t\t<\/div>\n\t\t<div class=\"elementor-element elementor-element-da15505 e-flex e-con-boxed e-con e-parent\" data-id=\"da15505\" data-element_type=\"container\">\n\t\t\t\t\t<div class=\"e-con-inner\">\n\t\t<div class=\"elementor-element elementor-element-e72403d e-flex e-con-boxed e-con e-child\" data-id=\"e72403d\" data-element_type=\"container\">\n\t\t\t\t\t<div class=\"e-con-inner\">\n\t\t\t\t<div class=\"elementor-element elementor-element-76281df elementor-widget elementor-widget-google_maps\" data-id=\"76281df\" data-element_type=\"widget\" data-widget_type=\"google_maps.default\">\n\t\t\t\t\t\t\t<div class=\"elementor-custom-embed\">\n\t\t\t<iframe loading=\"lazy\"\n\t\t\t\t\tsrc=\"https:\/\/maps.google.com\/maps?q=139%20Avenue%20Aristide%20Briand%2033700%20Merignac&#038;t=m&#038;z=13&#038;output=embed&#038;iwloc=near\"\n\t\t\t\t\ttitle=\"139 Avenue Aristide Briand 33700 Merignac\"\n\t\t\t\t\taria-label=\"139 Avenue Aristide Briand 33700 Merignac\"\n\t\t\t><\/iframe>\n\t\t<\/div>\n\t\t\t\t\t\t<\/div>\n\t\t\t\t\t<\/div>\n\t\t\t\t<\/div>\n\t\t<div class=\"elementor-element elementor-element-9b9ee5a e-con-full e-flex e-con e-child\" data-id=\"9b9ee5a\" data-element_type=\"container\">\n\t\t\t\t<div class=\"elementor-element elementor-element-cf8283a elementor-view-framed elementor-position-left elementor-shape-circle elementor-mobile-position-top elementor-widget elementor-widget-icon-box\" data-id=\"cf8283a\" data-element_type=\"widget\" data-widget_type=\"icon-box.default\">\n\t\t\t\t\t\t\t<div class=\"elementor-icon-box-wrapper\">\n\n\t\t\t\t\t\t<div class=\"elementor-icon-box-icon\">\n\t\t\t\t<span  class=\"elementor-icon\">\n\t\t\t\t<svg aria-hidden=\"true\" class=\"e-font-icon-svg e-fas-wheelchair\" viewBox=\"0 0 512 512\" xmlns=\"http:\/\/www.w3.org\/2000\/svg\"><path d=\"M496.101 385.669l14.227 28.663c3.929 7.915.697 17.516-7.218 21.445l-65.465 32.886c-16.049 7.967-35.556 1.194-43.189-15.055L331.679 320H192c-15.925 0-29.426-11.71-31.679-27.475C126.433 55.308 128.38 70.044 128 64c0-36.358 30.318-65.635 67.052-63.929 33.271 1.545 60.048 28.905 60.925 62.201.868 32.933-23.152 60.423-54.608 65.039l4.67 32.69H336c8.837 0 16 7.163 16 16v32c0 8.837-7.163 16-16 16H215.182l4.572 32H352a32 32 0 0 1 28.962 18.392L438.477 396.8l36.178-18.349c7.915-3.929 17.517-.697 21.446 7.218zM311.358 352h-24.506c-7.788 54.204-54.528 96-110.852 96-61.757 0-112-50.243-112-112 0-41.505 22.694-77.809 56.324-97.156-3.712-25.965-6.844-47.86-9.488-66.333C45.956 198.464 0 261.963 0 336c0 97.047 78.953 176 176 176 71.87 0 133.806-43.308 161.11-105.192L311.358 352z\"><\/path><\/svg>\t\t\t\t<\/span>\n\t\t\t<\/div>\n\t\t\t\n\t\t\t\t\t\t<div class=\"elementor-icon-box-content\">\n\n\t\t\t\t\n\t\t\t\t\t\t\t\t\t<p class=\"elementor-icon-box-description\">\n\t\t\t\t\t\tLe cabinet est accessible aux personnes \u00e0 mobilit\u00e9 r\u00e9duite.\t\t\t\t\t<\/p>\n\t\t\t\t\n\t\t\t<\/div>\n\t\t\t\n\t\t<\/div>\n\t\t\t\t\t\t<\/div>\n\t\t\t\t<\/div>\n\t\t\t\t\t<\/div>\n\t\t\t\t<\/div>\n\t\t<div class=\"elementor-element elementor-element-a12acb9 e-flex e-con-boxed e-con e-parent\" data-id=\"a12acb9\" data-element_type=\"container\">\n\t\t\t\t\t<div class=\"e-con-inner\">\n\t\t\t\t<div class=\"elementor-element elementor-element-8a3afc6 elementor-align-center elementor-widget elementor-widget-button\" data-id=\"8a3afc6\" data-element_type=\"widget\" data-widget_type=\"button.default\">\n\t\t\t\t\t\t\t\t\t\t<a class=\"elementor-button elementor-button-link elementor-size-lg\" href=\"https:\/\/annesophiesoubre-therapeute.fr\/\">\n\t\t\t\t\t\t<span class=\"elementor-button-content-wrapper\">\n\t\t\t\t\t\t\t\t\t<span class=\"elementor-button-text\">ACCUEIL<\/span>\n\t\t\t\t\t<\/span>\n\t\t\t\t\t<\/a>\n\t\t\t\t\t\t\t\t<\/div>\n\t\t\t\t\t<\/div>\n\t\t\t\t<\/div>\n\t\t\t\t<\/div>\n\t\t","protected":false},"excerpt":{"rendered":"<p>139 avenue Aristide Briand 33700 Merignac 06 99 01 19 38 annesophiesoubre@gmail.com Tarif: 60\u20ac par s\u00e9ance. Paiement uniquement par ch\u00e8que ou esp\u00e8ces. Prendre RDV Le cabinet est accessible aux personnes \u00e0 mobilit\u00e9 r\u00e9duite. ACCUEIL<\/p>\n","protected":false},"author":1,"featured_media":0,"parent":0,"menu_order":0,"comment_status":"closed","ping_status":"closed","template":"template-full-width.php","meta":{"footnotes":""},"class_list":["post-20","page","type-page","status-publish","hentry"],"yoast_head":"<!-- This site is optimized with the Yoast SEO plugin v27.4 - https:\/\/yoast.com\/product\/yoast-seo-wordpress\/ -->\n<title>Contact - Anne-Sophie Soubre - Th\u00e9rapeute<\/title>\n<meta name=\"description\" content=\"Th\u00e9rapeute et Infirmi\u00e8re Dipl\u00f4m\u00e9e d\u2019Etat en h\u00f4pital sp\u00e9cialis\u00e9 en sant\u00e9 mentale, j\u2019exerce \u00e0 Begles pour un public adulte.\" \/>\n<meta name=\"robots\" content=\"index, follow, max-snippet:-1, max-image-preview:large, max-video-preview:-1\" \/>\n<link rel=\"canonical\" href=\"https:\/\/annesophiesoubre-therapeute.fr\/index.php\/contact\/\" \/>\n<meta property=\"og:locale\" content=\"fr_FR\" \/>\n<meta property=\"og:type\" content=\"article\" \/>\n<meta property=\"og:title\" content=\"Contact - Anne-Sophie Soubre - Th\u00e9rapeute\" \/>\n<meta property=\"og:description\" content=\"Th\u00e9rapeute et Infirmi\u00e8re Dipl\u00f4m\u00e9e d\u2019Etat en h\u00f4pital sp\u00e9cialis\u00e9 en sant\u00e9 mentale, j\u2019exerce \u00e0 Begles pour un public adulte.\" \/>\n<meta property=\"og:url\" content=\"https:\/\/annesophiesoubre-therapeute.fr\/index.php\/contact\/\" \/>\n<meta property=\"og:site_name\" content=\"Anne-Sophie Soubre - Th\u00e9rapeute\" \/>\n<meta property=\"article:modified_time\" content=\"2026-02-23T20:39:52+00:00\" \/>\n<meta name=\"twitter:card\" content=\"summary_large_image\" \/>\n<meta name=\"twitter:label1\" content=\"Dur\u00e9e de lecture estim\u00e9e\" \/>\n\t<meta name=\"twitter:data1\" content=\"1 minute\" \/>\n<script type=\"application\/ld+json\" class=\"yoast-schema-graph\">{\"@context\":\"https:\\\/\\\/schema.org\",\"@graph\":[{\"@type\":[\"WebPage\",\"ContactPage\"],\"@id\":\"https:\\\/\\\/annesophiesoubre-therapeute.fr\\\/index.php\\\/contact\\\/\",\"url\":\"https:\\\/\\\/annesophiesoubre-therapeute.fr\\\/index.php\\\/contact\\\/\",\"name\":\"Contact - Anne-Sophie Soubre - Th\u00e9rapeute\",\"isPartOf\":{\"@id\":\"https:\\\/\\\/annesophiesoubre-therapeute.fr\\\/#website\"},\"datePublished\":\"2024-01-23T18:36:29+00:00\",\"dateModified\":\"2026-02-23T20:39:52+00:00\",\"description\":\"Th\u00e9rapeute et Infirmi\u00e8re Dipl\u00f4m\u00e9e d\u2019Etat en h\u00f4pital sp\u00e9cialis\u00e9 en sant\u00e9 mentale, j\u2019exerce \u00e0 Begles pour un public adulte.\",\"breadcrumb\":{\"@id\":\"https:\\\/\\\/annesophiesoubre-therapeute.fr\\\/index.php\\\/contact\\\/#breadcrumb\"},\"inLanguage\":\"fr-FR\",\"potentialAction\":[{\"@type\":\"ReadAction\",\"target\":[\"https:\\\/\\\/annesophiesoubre-therapeute.fr\\\/index.php\\\/contact\\\/\"]}]},{\"@type\":\"BreadcrumbList\",\"@id\":\"https:\\\/\\\/annesophiesoubre-therapeute.fr\\\/index.php\\\/contact\\\/#breadcrumb\",\"itemListElement\":[{\"@type\":\"ListItem\",\"position\":1,\"name\":\"Accueil\",\"item\":\"https:\\\/\\\/annesophiesoubre-therapeute.fr\\\/\"},{\"@type\":\"ListItem\",\"position\":2,\"name\":\"Contact\"}]},{\"@type\":\"WebSite\",\"@id\":\"https:\\\/\\\/annesophiesoubre-therapeute.fr\\\/#website\",\"url\":\"https:\\\/\\\/annesophiesoubre-therapeute.fr\\\/\",\"name\":\"Anne-Sophie Soubre - Th\u00e9rapeute\",\"description\":\"\",\"potentialAction\":[{\"@type\":\"SearchAction\",\"target\":{\"@type\":\"EntryPoint\",\"urlTemplate\":\"https:\\\/\\\/annesophiesoubre-therapeute.fr\\\/?s={search_term_string}\"},\"query-input\":{\"@type\":\"PropertyValueSpecification\",\"valueRequired\":true,\"valueName\":\"search_term_string\"}}],\"inLanguage\":\"fr-FR\"}]}<\/script>\n<!-- \/ Yoast SEO plugin. -->","yoast_head_json":{"title":"Contact - Anne-Sophie Soubre - Th\u00e9rapeute","description":"Th\u00e9rapeute et Infirmi\u00e8re Dipl\u00f4m\u00e9e d\u2019Etat en h\u00f4pital sp\u00e9cialis\u00e9 en sant\u00e9 mentale, j\u2019exerce \u00e0 Begles pour un public adulte.","robots":{"index":"index","follow":"follow","max-snippet":"max-snippet:-1","max-image-preview":"max-image-preview:large","max-video-preview":"max-video-preview:-1"},"canonical":"https:\/\/annesophiesoubre-therapeute.fr\/index.php\/contact\/","og_locale":"fr_FR","og_type":"article","og_title":"Contact - Anne-Sophie Soubre - Th\u00e9rapeute","og_description":"Th\u00e9rapeute et Infirmi\u00e8re Dipl\u00f4m\u00e9e d\u2019Etat en h\u00f4pital sp\u00e9cialis\u00e9 en sant\u00e9 mentale, j\u2019exerce \u00e0 Begles pour un public adulte.","og_url":"https:\/\/annesophiesoubre-therapeute.fr\/index.php\/contact\/","og_site_name":"Anne-Sophie Soubre - Th\u00e9rapeute","article_modified_time":"2026-02-23T20:39:52+00:00","twitter_card":"summary_large_image","twitter_misc":{"Dur\u00e9e de lecture estim\u00e9e":"1 minute"},"schema":{"@context":"https:\/\/schema.org","@graph":[{"@type":["WebPage","ContactPage"],"@id":"https:\/\/annesophiesoubre-therapeute.fr\/index.php\/contact\/","url":"https:\/\/annesophiesoubre-therapeute.fr\/index.php\/contact\/","name":"Contact - Anne-Sophie Soubre - Th\u00e9rapeute","isPartOf":{"@id":"https:\/\/annesophiesoubre-therapeute.fr\/#website"},"datePublished":"2024-01-23T18:36:29+00:00","dateModified":"2026-02-23T20:39:52+00:00","description":"Th\u00e9rapeute et Infirmi\u00e8re Dipl\u00f4m\u00e9e d\u2019Etat en h\u00f4pital sp\u00e9cialis\u00e9 en sant\u00e9 mentale, j\u2019exerce \u00e0 Begles pour un public adulte.","breadcrumb":{"@id":"https:\/\/annesophiesoubre-therapeute.fr\/index.php\/contact\/#breadcrumb"},"inLanguage":"fr-FR","potentialAction":[{"@type":"ReadAction","target":["https:\/\/annesophiesoubre-therapeute.fr\/index.php\/contact\/"]}]},{"@type":"BreadcrumbList","@id":"https:\/\/annesophiesoubre-therapeute.fr\/index.php\/contact\/#breadcrumb","itemListElement":[{"@type":"ListItem","position":1,"name":"Accueil","item":"https:\/\/annesophiesoubre-therapeute.fr\/"},{"@type":"ListItem","position":2,"name":"Contact"}]},{"@type":"WebSite","@id":"https:\/\/annesophiesoubre-therapeute.fr\/#website","url":"https:\/\/annesophiesoubre-therapeute.fr\/","name":"Anne-Sophie Soubre - Th\u00e9rapeute","description":"","potentialAction":[{"@type":"SearchAction","target":{"@type":"EntryPoint","urlTemplate":"https:\/\/annesophiesoubre-therapeute.fr\/?s={search_term_string}"},"query-input":{"@type":"PropertyValueSpecification","valueRequired":true,"valueName":"search_term_string"}}],"inLanguage":"fr-FR"}]}},"_links":{"self":[{"href":"https:\/\/annesophiesoubre-therapeute.fr\/index.php\/wp-json\/wp\/v2\/pages\/20","targetHints":{"allow":["GET"]}}],"collection":[{"href":"https:\/\/annesophiesoubre-therapeute.fr\/index.php\/wp-json\/wp\/v2\/pages"}],"about":[{"href":"https:\/\/annesophiesoubre-therapeute.fr\/index.php\/wp-json\/wp\/v2\/types\/page"}],"author":[{"embeddable":true,"href":"https:\/\/annesophiesoubre-therapeute.fr\/index.php\/wp-json\/wp\/v2\/users\/1"}],"replies":[{"embeddable":true,"href":"https:\/\/annesophiesoubre-therapeute.fr\/index.php\/wp-json\/wp\/v2\/comments?post=20"}],"version-history":[{"count":124,"href":"https:\/\/annesophiesoubre-therapeute.fr\/index.php\/wp-json\/wp\/v2\/pages\/20\/revisions"}],"predecessor-version":[{"id":8024,"href":"https:\/\/annesophiesoubre-therapeute.fr\/index.php\/wp-json\/wp\/v2\/pages\/20\/revisions\/8024"}],"wp:attachment":[{"href":"https:\/\/annesophiesoubre-therapeute.fr\/index.php\/wp-json\/wp\/v2\/media?parent=20"}],"curies":[{"name":"wp","href":"https:\/\/api.w.org\/{rel}","templated":true}]}}